{"id":71,"date":"2016-07-16T20:01:50","date_gmt":"2016-07-17T00:01:50","guid":{"rendered":"http:\/\/arpenterlechemin.com\/?page_id=71"},"modified":"2023-02-06T14:07:38","modified_gmt":"2023-02-06T18:07:38","slug":"contact","status":"publish","type":"page","link":"https:\/\/arpenterlechemin.com\/index.php\/contact\/","title":{"rendered":"Contact"},"content":{"rendered":"<p>Une <strong>question sur une destination<\/strong>, une <strong>demande d&rsquo;information<\/strong>, une <strong>proposition de partenariat<\/strong> ou simplement envie de me dire bonjour&#8230; J&rsquo;adore recevoir du courrier : envoyez-moi tous vos messages \u00e0 l&rsquo;adresse <a href=\"mailto:contact@arpenterlechemin.com\">contact@arpenterlechemin.com<\/a>.<\/p>\n<p><a href=\"http:\/\/www.latitudes-traduction.com\">Traductrice d&rsquo;\u00e9dition<\/a>, je suis \u00e9galement \u00e0 votre service pour toute <strong>traduction de contenu touristique (en ligne ou papier) guide de voyage<\/strong>.<\/p>\n<p><strong>Arpenter le chemin<\/strong> est un blog de voyage cr\u00e9\u00e9 en 2016 pour vous faire d\u00e9couvrir mon coin de Canada : le <strong>Nouveau-Brunswick<\/strong> et <a href=\"http:\/\/arpenterlechemin.com\/index.php\/2017\/08\/07\/nouveau-brunswick-idee-ditineraire-dune-semaine-en-acadie\/\">l&rsquo;Acadie<\/a>, terre de <strong>francophonie<\/strong> et de c\u00f4tes battues par les vents, terre de marins et de go\u00e9lands, loin des clich\u00e9s du Grand Nord. Traductrice le jour, blogueuse de voyage la nuit, je vous emm\u00e8ne avec moi dans mes aventures en <a href=\"http:\/\/arpenterlechemin.com\/index.php\/2017\/10\/23\/canada-trois-ans-dimmigration-le-bilan\/\">Am\u00e9rique du Nord<\/a> et <a href=\"http:\/\/arpenterlechemin.com\/index.php\/2017\/01\/17\/guatemala-cartes-postales\/\">centrale<\/a>, en <a href=\"http:\/\/arpenterlechemin.com\/index.php\/2017\/08\/03\/sur-la-riviera-vaudoise-lavaux-et-chillon-deux-incontournables-en-suisse\/\">Europe<\/a>, en <a href=\"http:\/\/arpenterlechemin.com\/index.php\/2017\/05\/09\/mes-incontournables-pour-une-premiere-visite-a-tokyo\/\">Asie<\/a>, que ce soit seule, avec mon mari Etienne, <a href=\"http:\/\/arpenterlechemin.com\/index.php\/2018\/05\/23\/chien-voyage\/\">mon chien Indiana<\/a>, en train, en voiture ou dans mon vieux <a href=\"http:\/\/arpenterlechemin.com\/index.php\/2017\/09\/11\/voyager-en-van-avantages-et-inconvenients\/\">van<\/a>&#8230;<\/p>\n<p>Si je parle majoritairement de <strong>Canada<\/strong> et de la <strong>France,<\/strong> je reviens ponctuellement \u00e0 certains de mes int\u00e9r\u00eats de longue date : <a href=\"http:\/\/arpenterlechemin.com\/index.php\/2017\/05\/11\/ces-livres-qui-nous-transportent\/\">lectures<\/a>, <a href=\"http:\/\/arpenterlechemin.com\/index.php\/2018\/06\/18\/voyage-chance-privilege\/\">r\u00e9flexions<\/a> et voyages un peu plus sombres regroup\u00e9s sous la banni\u00e8re #<a href=\"http:\/\/arpenterlechemin.com\/index.php\/2018\/10\/23\/voyage-gothique-mode-demploi\/\">VoyageGothique<\/a> : loin du DarkTourism cher \u00e0 Netflix, <strong>les voyages gothiques plongent dans l&rsquo;histoire victorienne<\/strong>, les ruines et les cimeti\u00e8res, souvent en Europe mais aussi en Nouvelle-Angleterre.<\/p>\n<p>Je propose aux <strong>professionnels du tourisme<\/strong> des <strong>services r\u00e9dactionnels<\/strong> : cr\u00e9ation de contenu autour du th\u00e8me du voyage, photos, voyages de presse, publications sur les r\u00e9seaux sociaux (<a href=\"https:\/\/www.facebook.com\/arpenterlechemin\/\">Facebook<\/a>, <a href=\"https:\/\/twitter.com\/arpenterchemin\">Twitter <\/a>et <a href=\"https:\/\/www.instagram.com\/arpenter_le_chemin\/\">Instagram<\/a>). Critiques d&rsquo;h\u00f4tels, compte-rendu d&rsquo;exp\u00e9rience, chroniques narratives, humoristiques&#8230; donnez le th\u00e8me et je donnerai le ton (ou l&rsquo;inverse) ! Les compensations re\u00e7ues donnent toujours lieu \u00e0 une mention, par respect et transparence pour mes lecteurs. Toutes les photos m&rsquo;appartiennent sauf mention contraire.<\/p>\n<p style=\"text-align: center;\"><a href=\"https:\/\/arpenterlechemin.com\/wp-content\/uploads\/2021\/08\/Arpenter-le-chemin_FR.pdf\">T\u00e9l\u00e9chargez ici mon kit m\u00e9dia (2021)<\/a><\/p>\n<h2><span style=\"color: #003366;\"><strong>Traductions touristiques<\/strong><\/span><\/h2>\n<ul>\n<li><a href=\"https:\/\/www.awin1.com\/cread.php?awinmid=12665&amp;awinaffid=978243&amp;ued=https%3A%2F%2Flivre.fnac.com%2Fa14373209%2FAlex-King-Soul-of-Athenes-Guide-des-30-meilleurs-experiences\">Soul of Ath\u00e8nes, guide des 30 meilleures exp\u00e9riences,<\/a> Alex King, aux \u00e9ditions Jonglez : si vous connaissez d\u00e9j\u00e0 bien une ville, les guides \u00ab\u00a0Soul of\u00a0\u00bb sont pour vous ! Ces guides mettent l&rsquo;accent sur 30 exp\u00e9riences embl\u00e9matiques au-del\u00e0 des sentiers battus. J&rsquo;ai eu le plaisir de traduire trois guides de cette belle collection : Ath\u00e8nes, New York et Los Angeles.<\/li>\n<li><a href=\"https:\/\/www.awin1.com\/cread.php?awinmid=12665&amp;awinaffid=978243&amp;ued=https%3A%2F%2Flivre.fnac.com%2Fa14207918%2FTarajia-Morell-Soul-of-New-York-Guide-des-30-meilleures-experiences\">Soul of New York, guide des 30 meilleures exp\u00e9riences,<\/a> Tarajia Morell, aux \u00e9ditions Jonglez<\/li>\n<li><a href=\"https:\/\/www.awin1.com\/cread.php?awinmid=12665&amp;awinaffid=978243&amp;ued=https%3A%2F%2Flivre.fnac.com%2Fa13516935%2FEMILIEN-CRESPO-Soul-of-Los-Angeles-Guide-des-30-meilleures-experiences\">Soul of Los Angeles, guide des 30 meilleures exp\u00e9riences<\/a>, Emilien Crespo, aux \u00e9ditions Jonglez.<\/li>\n<li><a href=\"https:\/\/www.awin1.com\/cread.php?awinmid=12665&amp;awinaffid=978243&amp;ued=https%3A%2F%2Flivre.fnac.com%2Fa14207920%2FRachel-Howard-Londres-insolite-et-secrete\">Londres insolite et secr\u00e8te<\/a>, Rachel Howard, aux \u00e9ditions Jonglez : encore une collection de guides insolites pour ceux qui ont d\u00e9j\u00e0 arpent\u00e9 Londres dans tous les sens. Cette collection s&rsquo;attarde sur les d\u00e9tails, les lieux cach\u00e9s, les recoins d\u00e9concertants et les traverses passionnantes.<\/li>\n<li><a href=\"https:\/\/amzn.to\/2xqV4uP\">New York insolite et secr\u00e8te<\/a>, aux \u00e9ditions Jonglez : si vous pensez d\u00e9j\u00e0 conna\u00eetre New York en long en large et en travers, d\u00e9trompez-vous ! Loin de Time Square et de la statue de la libert\u00e9, ce beau guide entra\u00eene dans les secrets de la grosse pomme : des p\u00e9troglyphes \u00e0 Central Park, la plus vieille ruine de la ville ou m\u00eame une sculpture sonore&#8230; Un incontournable pour voir New York d&rsquo;un autre \u0153il.<\/li>\n<\/ul>\n<ul>\n<li>Pour mes autres traductions (une soixantaine d&rsquo;ouvrages, notamment d&rsquo;art et de design), <a href=\"https:\/\/wp.me\/P8z9hR-1B8\">rendez-vous sur cette page.<\/a><\/li>\n<\/ul>\n<p><em>En passant par l&rsquo;un des liens ci-dessus pour acheter un produit, vous me donnez un coup de pouce : le prix de vente ne change pas pour vous, mais je re\u00e7ois une petite commission. Merci \ud83d\ude42\u00a0<\/em><\/p>\n<h2><span style=\"color: #000080;\">Mentions l\u00e9gales<\/span><\/h2>\n<p>Arpenter le chemin est un blog cr\u00e9\u00e9 \u00e0 Moncton (NB, Canada) par Audrey Favre. Le blog est h\u00e9berg\u00e9 par OVH, dont le si\u00e8ge social est sis 2 rue Kellermann \u2013 59100 Roubaix \u2013 France. Son adresse principale est\u00a0<a href=\"http:\/\/arpenterlechemin.com\">www.arpenterlechemin.com<\/a>. Afin d\u2019entrer en contact avec l\u2019administratrice ou \u00e9mettre un commentaire sur le contenu du site, envoyez un courriel \u00e0 info \u00e0 contact@arpenterlechemin.com ou utilisez le formulaire ci-dessous.<\/p>\n<h3><span style=\"color: #003366;\">Droits d\u2019auteur et contenu<\/span><\/h3>\n<p>Sauf mention contraire, tout le contenu d&rsquo;Arpenter le chemin est ma propri\u00e9t\u00e9 exclusive. Il est prot\u00e9g\u00e9 par les lois relatives aux droits d\u2019auteur et \u00e0 la propri\u00e9t\u00e9 intellectuelle et n\u2019est pas libre de droits. Toute reproduction, en tout ou en partie, par quelque moyen ou proc\u00e9d\u00e9 que ce soit, est strictement interdite, sauf sous autorisation formelle \u00e9crite et pr\u00e9alable. Tous droits r\u00e9serv\u00e9s \u2013 Audrey Favre. N\u2019h\u00e9sitez pas \u00e0\u00a0<a href=\"http:\/\/arpenterlechemin.com\/index.php\/contact\/\">me contacter<\/a>\u00a0si vous souhaitez vous pr\u00e9munir de certains droits.<\/p>\n<p>Il me fait plaisir que vous portiez une attention particuli\u00e8re \u00e0 ce blog. Ainsi, si vous d\u00e9sirez mentionner le blog ou son contenu sur votre plateforme, je vous demanderais de bien vouloir indiquer le nom complet (Arpenter le chemin) ainsi que le lien vers le contenu appropri\u00e9. Je n\u2019accepte toutefois pas de liens provenant de sites d\u2019informations \u00e0 caract\u00e8re pol\u00e9mique, pornographique, x\u00e9nophobe ou pouvant heurter la sensibilit\u00e9 de personnes ou de groupes de personnes. Le blogue\/site Arpenter le chemin pourrait contenir quelques liens sortants. Je ne suis toutefois pas responsable du contenu des plateformes auxquelles renvoient ces liens.<\/p>\n<h3><span style=\"color: #003366;\">Commentaires sur le blogue<\/span><\/h3>\n<p>Lorsque vous \u00e9crivez un commentaire sur le site Arpenter le chemin, vous devez fournir votre nom et votre adresse courriel. Ces informations sont ensuite stock\u00e9es dans une base de donn\u00e9es. Je me r\u00e9serve le droit de supprimer ou d\u2019\u00e9diter sans pr\u00e9avis tout commentaire non reli\u00e9 au sujet principal de l\u2019article, \u00e0 teneur raciste, sexiste, pornographique, haineuse ou simplement d\u00e9plac\u00e9e. N\u2019h\u00e9sitez pas \u00e0 me contacter pour toute question \u00e0 ce sujet.<\/p>\n<h2><span style=\"color: #003366;\">Politique de confidentialit\u00e9<\/span><\/h2>\n<p><span style=\"color: #003366;\"><strong>Donn\u00e9es personnelles<\/strong><\/span><\/p>\n<p>Les donn\u00e9es laiss\u00e9es en commentaire ou lors de l\u2019inscription \u00e0 la newsletter (email et\/ou nom) ne sont utilis\u00e9es que pour vous envoyer les informations demand\u00e9es ou pour r\u00e9pondre \u00e0 vos questions \u00e9ventuelles.<\/p>\n<p>Conform\u00e9ment \u00e0 la loi europ\u00e9enne, vous avez le droit de modification et de suppression des donn\u00e9es qui vous concernent (email, nom ou tout autre information permettant de vous identifier), il suffit de nous en faire la demande\u00a0<a href=\"http:\/\/arpenterlechemin.com\/index.php\/contact\/\">via ce formulaire<\/a>.<\/p>\n<p>Responsable du traitement des donn\u00e9es : Audrey Favre \/ contact@arpenterlechemin.com<\/p>\n<p><span style=\"color: #003366;\"><strong>Cookies<\/strong><\/span><\/p>\n<p>Certains cookies sont utilis\u00e9s par le blog Arpenter le chemin, notamment pour des liens affili\u00e9s, ou pour conserver des informations de vos sessions, afin de vous fournir un contenu appropri\u00e9 ou de vous envoyer aux bonnes pages selon les liens que vous cliquez. Les liens affili\u00e9s ne co\u00fbtent pas plus chers aux lecteurs, mais permettent \u00e0 Arpenter le chemin d&rsquo;obtenir un pourcentage de leurs achats afin de payer les d\u00e9penses du site. Ce site utilise Google Analytics, le service d\u2019analyse du trafic des sites internet qui se sert de ces cookies. Les donn\u00e9es r\u00e9colt\u00e9es dans le cadre de l\u2019analyse du trafic du site et de l\u2019optimisation des services sont conserv\u00e9es durant la p\u00e9riode minimale propos\u00e9e par Google, c\u2019est-\u00e0-dire 14 mois.<\/p>\n<p>Pour toutes questions \u00e0 ce sujet, n\u2019h\u00e9sitez pas \u00e0 m\u2019\u00e9crire !<\/p>\n","protected":false},"excerpt":{"rendered":"<p>Une question sur une destination, une demande d&rsquo;information, une proposition de partenariat ou simplement envie de me dire bonjour&#8230; J&rsquo;adore recevoir du courrier : envoyez-moi tous vos messages \u00e0 l&rsquo;adresse contact@arpenterlechemin.com. Traductrice d&rsquo;\u00e9dition, je suis \u00e9galement \u00e0 votre service pour toute traduction de contenu touristique (en ligne ou papier) guide de voyage. Arpenter le chemin est un blog de voyage cr\u00e9\u00e9 en 2016 pour vous faire d\u00e9couvrir mon coin de Canada : le Nouveau-Brunswick et l&rsquo;Acadie, terre de francophonie et de c\u00f4tes battues par les vents, terre de marins et <\/p>\n","protected":false},"author":1,"featured_media":0,"parent":0,"menu_order":4,"comment_status":"closed","ping_status":"closed","template":"","meta":{"jetpack_post_was_ever_published":false},"yoast_head":"<!-- This site is optimized with the Yoast SEO plugin v20.7 - https:\/\/yoast.com\/wordpress\/plugins\/seo\/ -->\n<title>Contact - Arpenter le chemin<\/title>\n<meta name=\"robots\" content=\"index, follow, max-snippet:-1, max-image-preview:large, max-video-preview:-1\" \/>\n<link rel=\"canonical\" href=\"https:\/\/arpenterlechemin.com\/index.php\/contact\/\" \/>\n<meta property=\"og:locale\" content=\"fr_FR\" \/>\n<meta property=\"og:type\" content=\"article\" \/>\n<meta property=\"og:title\" content=\"Contact - Arpenter le chemin\" \/>\n<meta property=\"og:description\" content=\"Une question sur une destination, une demande d&rsquo;information, une proposition de partenariat ou simplement envie de me dire bonjour&#8230; J&rsquo;adore recevoir du courrier : envoyez-moi tous vos messages \u00e0 l&rsquo;adresse contact@arpenterlechemin.com. Traductrice d&rsquo;\u00e9dition, je suis \u00e9galement \u00e0 votre service pour toute traduction de contenu touristique (en ligne ou papier) guide de voyage. Arpenter le chemin est un blog de voyage cr\u00e9\u00e9 en 2016 pour vous faire d\u00e9couvrir mon coin de Canada : le Nouveau-Brunswick et l&rsquo;Acadie, terre de francophonie et de c\u00f4tes battues par les vents, terre de marins et\" \/>\n<meta property=\"og:url\" content=\"https:\/\/arpenterlechemin.com\/index.php\/contact\/\" \/>\n<meta property=\"og:site_name\" content=\"Arpenter le chemin\" \/>\n<meta property=\"article:modified_time\" content=\"2023-02-06T18:07:38+00:00\" \/>\n<meta name=\"twitter:card\" content=\"summary_large_image\" \/>\n<meta name=\"twitter:label1\" content=\"Dur\u00e9e de lecture estim\u00e9e\" \/>\n\t<meta name=\"twitter:data1\" content=\"6 minutes\" \/>\n<script type=\"application\/ld+json\" class=\"yoast-schema-graph\">{\"@context\":\"https:\/\/schema.org\",\"@graph\":[{\"@type\":\"WebPage\",\"@id\":\"https:\/\/arpenterlechemin.com\/index.php\/contact\/\",\"url\":\"https:\/\/arpenterlechemin.com\/index.php\/contact\/\",\"name\":\"Contact - Arpenter le chemin\",\"isPartOf\":{\"@id\":\"https:\/\/arpenterlechemin.com\/#website\"},\"datePublished\":\"2016-07-17T00:01:50+00:00\",\"dateModified\":\"2023-02-06T18:07:38+00:00\",\"breadcrumb\":{\"@id\":\"https:\/\/arpenterlechemin.com\/index.php\/contact\/#breadcrumb\"},\"inLanguage\":\"fr-FR\",\"potentialAction\":[{\"@type\":\"ReadAction\",\"target\":[\"https:\/\/arpenterlechemin.com\/index.php\/contact\/\"]}]},{\"@type\":\"BreadcrumbList\",\"@id\":\"https:\/\/arpenterlechemin.com\/index.php\/contact\/#breadcrumb\",\"itemListElement\":[{\"@type\":\"ListItem\",\"position\":1,\"name\":\"Home\",\"item\":\"https:\/\/arpenterlechemin.com\/\"},{\"@type\":\"ListItem\",\"position\":2,\"name\":\"Contact\"}]},{\"@type\":\"WebSite\",\"@id\":\"https:\/\/arpenterlechemin.com\/#website\",\"url\":\"https:\/\/arpenterlechemin.com\/\",\"name\":\"Arpenter le chemin\",\"description\":\"\",\"publisher\":{\"@id\":\"https:\/\/arpenterlechemin.com\/#organization\"},\"potentialAction\":[{\"@type\":\"SearchAction\",\"target\":{\"@type\":\"EntryPoint\",\"urlTemplate\":\"https:\/\/arpenterlechemin.com\/?s={search_term_string}\"},\"query-input\":\"required name=search_term_string\"}],\"inLanguage\":\"fr-FR\"},{\"@type\":\"Organization\",\"@id\":\"https:\/\/arpenterlechemin.com\/#organization\",\"name\":\"Arpenter le chemin\",\"url\":\"https:\/\/arpenterlechemin.com\/\",\"logo\":{\"@type\":\"ImageObject\",\"inLanguage\":\"fr-FR\",\"@id\":\"https:\/\/arpenterlechemin.com\/#\/schema\/logo\/image\/\",\"url\":\"https:\/\/arpenterlechemin.com\/wp-content\/uploads\/2017\/04\/icone-4.jpg\",\"contentUrl\":\"https:\/\/arpenterlechemin.com\/wp-content\/uploads\/2017\/04\/icone-4.jpg\",\"width\":150,\"height\":73,\"caption\":\"Arpenter le chemin\"},\"image\":{\"@id\":\"https:\/\/arpenterlechemin.com\/#\/schema\/logo\/image\/\"}}]}<\/script>\n<!-- \/ Yoast SEO plugin. -->","yoast_head_json":{"title":"Contact - Arpenter le chemin","robots":{"index":"index","follow":"follow","max-snippet":"max-snippet:-1","max-image-preview":"max-image-preview:large","max-video-preview":"max-video-preview:-1"},"canonical":"https:\/\/arpenterlechemin.com\/index.php\/contact\/","og_locale":"fr_FR","og_type":"article","og_title":"Contact - Arpenter le chemin","og_description":"Une question sur une destination, une demande d&rsquo;information, une proposition de partenariat ou simplement envie de me dire bonjour&#8230; J&rsquo;adore recevoir du courrier : envoyez-moi tous vos messages \u00e0 l&rsquo;adresse contact@arpenterlechemin.com. Traductrice d&rsquo;\u00e9dition, je suis \u00e9galement \u00e0 votre service pour toute traduction de contenu touristique (en ligne ou papier) guide de voyage. Arpenter le chemin est un blog de voyage cr\u00e9\u00e9 en 2016 pour vous faire d\u00e9couvrir mon coin de Canada : le Nouveau-Brunswick et l&rsquo;Acadie, terre de francophonie et de c\u00f4tes battues par les vents, terre de marins et","og_url":"https:\/\/arpenterlechemin.com\/index.php\/contact\/","og_site_name":"Arpenter le chemin","article_modified_time":"2023-02-06T18:07:38+00:00","twitter_card":"summary_large_image","twitter_misc":{"Dur\u00e9e de lecture estim\u00e9e":"6 minutes"},"schema":{"@context":"https:\/\/schema.org","@graph":[{"@type":"WebPage","@id":"https:\/\/arpenterlechemin.com\/index.php\/contact\/","url":"https:\/\/arpenterlechemin.com\/index.php\/contact\/","name":"Contact - Arpenter le chemin","isPartOf":{"@id":"https:\/\/arpenterlechemin.com\/#website"},"datePublished":"2016-07-17T00:01:50+00:00","dateModified":"2023-02-06T18:07:38+00:00","breadcrumb":{"@id":"https:\/\/arpenterlechemin.com\/index.php\/contact\/#breadcrumb"},"inLanguage":"fr-FR","potentialAction":[{"@type":"ReadAction","target":["https:\/\/arpenterlechemin.com\/index.php\/contact\/"]}]},{"@type":"BreadcrumbList","@id":"https:\/\/arpenterlechemin.com\/index.php\/contact\/#breadcrumb","itemListElement":[{"@type":"ListItem","position":1,"name":"Home","item":"https:\/\/arpenterlechemin.com\/"},{"@type":"ListItem","position":2,"name":"Contact"}]},{"@type":"WebSite","@id":"https:\/\/arpenterlechemin.com\/#website","url":"https:\/\/arpenterlechemin.com\/","name":"Arpenter le chemin","description":"","publisher":{"@id":"https:\/\/arpenterlechemin.com\/#organization"},"potentialAction":[{"@type":"SearchAction","target":{"@type":"EntryPoint","urlTemplate":"https:\/\/arpenterlechemin.com\/?s={search_term_string}"},"query-input":"required name=search_term_string"}],"inLanguage":"fr-FR"},{"@type":"Organization","@id":"https:\/\/arpenterlechemin.com\/#organization","name":"Arpenter le chemin","url":"https:\/\/arpenterlechemin.com\/","logo":{"@type":"ImageObject","inLanguage":"fr-FR","@id":"https:\/\/arpenterlechemin.com\/#\/schema\/logo\/image\/","url":"https:\/\/arpenterlechemin.com\/wp-content\/uploads\/2017\/04\/icone-4.jpg","contentUrl":"https:\/\/arpenterlechemin.com\/wp-content\/uploads\/2017\/04\/icone-4.jpg","width":150,"height":73,"caption":"Arpenter le chemin"},"image":{"@id":"https:\/\/arpenterlechemin.com\/#\/schema\/logo\/image\/"}}]}},"jetpack_sharing_enabled":true,"jetpack_shortlink":"https:\/\/wp.me\/P8z9hR-19","jetpack-related-posts":[{"id":6146,"url":"https:\/\/arpenterlechemin.com\/index.php\/contact\/livres\/","url_meta":{"origin":71,"position":0},"title":"Mes livres","date":"17 septembre 2018","format":false,"excerpt":"Vous le savez sans doute, je suis traductrice ind\u00e9pendante. Voici une s\u00e9lection de livres que j'ai traduits qui pourraient vous int\u00e9resser. Guides de voyage Soul of Ath\u00e8nes, guide des 30 meilleures exp\u00e9riences, Alex King, aux \u00e9ditions Jonglez : si vous connaissez d\u00e9j\u00e0 bien une ville, les guides \"Soul of\" sont\u2026","rel":"","context":"Article similaire","img":{"alt_text":"","src":"","width":0,"height":0},"classes":[]},{"id":2948,"url":"https:\/\/arpenterlechemin.com\/index.php\/arpenter-le-chemin\/","url_meta":{"origin":71,"position":1},"title":"&nbsp; &nbsp;","date":"2 avril 2017","format":false,"excerpt":"\u00a0 \u00a0","rel":"","context":"Article similaire","img":{"alt_text":"arpenter le chemin blog de voyage","src":"https:\/\/i0.wp.com\/arpenterlechemin.com\/wp-content\/uploads\/2021\/01\/arpenter-le-chemin-banni\u00e8re-blog-de-voyage.jpg?resize=350%2C200&ssl=1","width":350,"height":200},"classes":[]}],"_links":{"self":[{"href":"https:\/\/arpenterlechemin.com\/index.php\/wp-json\/wp\/v2\/pages\/71"}],"collection":[{"href":"https:\/\/arpenterlechemin.com\/index.php\/wp-json\/wp\/v2\/pages"}],"about":[{"href":"https:\/\/arpenterlechemin.com\/index.php\/wp-json\/wp\/v2\/types\/page"}],"author":[{"embeddable":true,"href":"https:\/\/arpenterlechemin.com\/index.php\/wp-json\/wp\/v2\/users\/1"}],"replies":[{"embeddable":true,"href":"https:\/\/arpenterlechemin.com\/index.php\/wp-json\/wp\/v2\/comments?post=71"}],"version-history":[{"count":1,"href":"https:\/\/arpenterlechemin.com\/index.php\/wp-json\/wp\/v2\/pages\/71\/revisions"}],"predecessor-version":[{"id":12226,"href":"https:\/\/arpenterlechemin.com\/index.php\/wp-json\/wp\/v2\/pages\/71\/revisions\/12226"}],"wp:attachment":[{"href":"https:\/\/arpenterlechemin.com\/index.php\/wp-json\/wp\/v2\/media?parent=71"}],"curies":[{"name":"wp","href":"https:\/\/api.w.org\/{rel}","templated":true}]}}